{"id":47,"date":"2017-07-05T10:01:54","date_gmt":"2017-07-05T08:01:54","guid":{"rendered":"http:\/\/46.20.41.91:2080\/?page_id=47"},"modified":"2018-09-06T13:09:49","modified_gmt":"2018-09-06T11:09:49","slug":"leistungen","status":"publish","type":"page","link":"https:\/\/www.birekoven.de\/?page_id=47","title":{"rendered":"Leistungen"},"content":{"rendered":"<p>Unsere Dienste f\u00fcr Sie im Trauerfall Wir organisieren f\u00fcr Sie: Abmeldung beim Standesamt, Ausstellung der Sterbeurkunden Kontaktaufnahme mit Pfarr\u00e4mtern bzw. Trauerrednerin\/-redner und Friedhofsverwaltung Erledigungen bei Krankenkassen und Rententr\u00e4gern Abmeldungen bei Versicherungen, Beantragung von Sterbegeldern Selbstverst\u00e4ndlich k\u00fcmmern wir uns auch um die Gestaltung der Trauerfeier (Musik, Blumenauswahl etc.) und um den Druck der Trauerkarten bzw. der Traueranzeige, so wie sie es w\u00fcnschen. Nachdem wir Ihre Verstorbene bzw. Ihren Verstorbenen eingebettet, angezogen und auch die notwendige hygienische Versorgung durchgef\u00fchrt haben, ist es jederzeit m\u00f6glich, dass Sie vor der Beisetzung bzw. vor der \u00dcberf\u00fchrung zum Krematorium noch einmal von Ihrer Angeh\u00f6rigen bzw. Ihrem Angeh\u00f6rigen Abschied nehmen k\u00f6nnen. Am Tag der Beisetzung sind wir auf dem Friedhof jederzeit f\u00fcr Sie da, wir \u00fcbernehmen die Dekoration vor Ort und begleiten Sie diskret, so wie Sie es w\u00fcnschen. Auch nach der Beerdigung k\u00f6nnen Sie uns jederzeit kontaktieren, z. B. f\u00fcr die Gestaltung der Danksagung (Zeitung oder\/ und Karten). Des Weiteren bieten wir Ihnen eine Grabumrandung aus witterungsbest\u00e4ndigem Holz und eine Grablampe leihweise an, bis Sie sich f\u00fcr eine individuelle Gestaltung Ihrer Grabstelle entschieden haben.&nbsp;<\/p>\n","protected":false},"excerpt":{"rendered":"<p>Unsere Dienste f\u00fcr Sie im Trauerfall Wir organisieren f\u00fcr Sie: Abmeldung beim Standesamt, Ausstellung der Sterbeurkunden Kontaktaufnahme mit Pfarr\u00e4mtern bzw. Trauerrednerin\/-redner und [&hellip;]<\/p>\n","protected":false},"author":6,"featured_media":0,"parent":0,"menu_order":4,"comment_status":"closed","ping_status":"closed","template":"","meta":{"ngg_post_thumbnail":0,"footnotes":""},"class_list":["post-47","page","type-page","status-publish","hentry"],"_links":{"self":[{"href":"https:\/\/www.birekoven.de\/index.php?rest_route=\/wp\/v2\/pages\/47","targetHints":{"allow":["GET"]}}],"collection":[{"href":"https:\/\/www.birekoven.de\/index.php?rest_route=\/wp\/v2\/pages"}],"about":[{"href":"https:\/\/www.birekoven.de\/index.php?rest_route=\/wp\/v2\/types\/page"}],"author":[{"embeddable":true,"href":"https:\/\/www.birekoven.de\/index.php?rest_route=\/wp\/v2\/users\/6"}],"replies":[{"embeddable":true,"href":"https:\/\/www.birekoven.de\/index.php?rest_route=%2Fwp%2Fv2%2Fcomments&post=47"}],"version-history":[{"count":4,"href":"https:\/\/www.birekoven.de\/index.php?rest_route=\/wp\/v2\/pages\/47\/revisions"}],"predecessor-version":[{"id":263,"href":"https:\/\/www.birekoven.de\/index.php?rest_route=\/wp\/v2\/pages\/47\/revisions\/263"}],"wp:attachment":[{"href":"https:\/\/www.birekoven.de\/index.php?rest_route=%2Fwp%2Fv2%2Fmedia&parent=47"}],"curies":[{"name":"wp","href":"https:\/\/api.w.org\/{rel}","templated":true}]}}