{"id":7,"date":"2017-06-30T21:12:09","date_gmt":"2017-06-30T19:12:09","guid":{"rendered":"http:\/\/46.20.41.91:2080\/?page_id=7"},"modified":"2020-12-16T15:05:25","modified_gmt":"2020-12-16T14:05:25","slug":"startseite","status":"publish","type":"page","link":"https:\/\/www.birekoven.de\/","title":{"rendered":"Startseite"},"content":{"rendered":"<p><span class=\"xr_tl Normal\"><span class=\"Normal\">Bestattungen Birekoven <\/span><span class=\"Normal\">in D\u00fcren<\/span><\/span><\/p>\n<p class=\"wp-block-freeform\"><span class=\"xr_tl Normal\">Liebe Besucherin, lieber Besucher dieser Internetseite, wir hei\u00dfen Sie recht herzlich willkommen und <\/span><span class=\"xr_tl Normal\">bedanken uns f\u00fcr Ihr Interesse. Auf den nachfolgenden Seiten m\u00f6chten wir Ihnen einen kleinen <\/span><span class=\"xr_tl Normal\">Einblick in unsere Arbeit geben. Falls Sie Fragen haben sollten, die wir Ihnen auf diesen Seiten nicht <\/span><span class=\"xr_tl Normal\">beantworten k\u00f6nnen, rufen Sie uns gerne an. Oft kann man in einem pers\u00f6nlichen Gespr\u00e4ch die eine <\/span><span class=\"xr_tl Normal\">oder andere Frage besser beantworten. Wir stehen Ihnen jederzeit zur Verf\u00fcgung und freuen uns <\/span><span class=\"xr_tl Normal\">\u00fcber ihren Anruf. <\/span>&nbsp;&nbsp;<\/p>\n<p>&nbsp;<\/p>\n<p class=\"wp-block-freeform\"><span class=\"xr_tl Normal\">Maike, Wolfgang und Daniel Birekoven<\/span><\/p>\n<p class=\"wp-block-freeform\"><a href=\"https:\/\/my.matterport.com\/show\/?m=PkFs8h8jkM6\" target=\"_blank\" rel=\"noopener\">Hier klicken: Hier k\u00f6nnen Sie uns online besuchen!<\/a><\/p>\n<h3 class=\"wp-block-freeform\" style=\"text-align: center;\"><strong>Tel: 02421 \/ 96 15 60<\/strong><\/h3>\n\n\n<p><\/p>\n","protected":false},"excerpt":{"rendered":"<p>Bestattungen Birekoven in D\u00fcren Liebe Besucherin, lieber Besucher dieser Internetseite, wir hei\u00dfen Sie recht herzlich willkommen und bedanken uns f\u00fcr Ihr Interesse. [&hellip;]<\/p>\n","protected":false},"author":6,"featured_media":0,"parent":0,"menu_order":0,"comment_status":"closed","ping_status":"closed","template":"","meta":{"ngg_post_thumbnail":0,"footnotes":""},"class_list":["post-7","page","type-page","status-publish","hentry"],"_links":{"self":[{"href":"https:\/\/www.birekoven.de\/index.php?rest_route=\/wp\/v2\/pages\/7","targetHints":{"allow":["GET"]}}],"collection":[{"href":"https:\/\/www.birekoven.de\/index.php?rest_route=\/wp\/v2\/pages"}],"about":[{"href":"https:\/\/www.birekoven.de\/index.php?rest_route=\/wp\/v2\/types\/page"}],"author":[{"embeddable":true,"href":"https:\/\/www.birekoven.de\/index.php?rest_route=\/wp\/v2\/users\/6"}],"replies":[{"embeddable":true,"href":"https:\/\/www.birekoven.de\/index.php?rest_route=%2Fwp%2Fv2%2Fcomments&post=7"}],"version-history":[{"count":14,"href":"https:\/\/www.birekoven.de\/index.php?rest_route=\/wp\/v2\/pages\/7\/revisions"}],"predecessor-version":[{"id":972,"href":"https:\/\/www.birekoven.de\/index.php?rest_route=\/wp\/v2\/pages\/7\/revisions\/972"}],"wp:attachment":[{"href":"https:\/\/www.birekoven.de\/index.php?rest_route=%2Fwp%2Fv2%2Fmedia&parent=7"}],"curies":[{"name":"wp","href":"https:\/\/api.w.org\/{rel}","templated":true}]}}