{"id":8,"date":"2017-06-30T21:12:10","date_gmt":"2017-06-30T19:12:10","guid":{"rendered":"http:\/\/46.20.41.91:2080\/?page_id=8"},"modified":"2019-05-29T15:21:14","modified_gmt":"2019-05-29T13:21:14","slug":"ueber-mich","status":"publish","type":"page","link":"https:\/\/www.birekoven.de\/?page_id=8","title":{"rendered":"Unternehmen"},"content":{"rendered":"<p><span class=\"xr_tl Normal_a\"><span class=\"Normal_a\">Firmengeschichte:<\/span><\/span> <span class=\"xr_tl Normal_a\">Das Familienunternehmen befindet sich bereits in der dritten Generation und war seit 1923 ihr <\/span><span class=\"xr_tl Normal_a\">Dienstleister im Bestattungswesen und Schreinerhandwerk in D\u00fcren. Gegr\u00fcndet wurde der damalige <\/span><span class=\"xr_tl Normal_a\">Betrieb von Peter Birekoven. Er war Schreinermeister und f\u00fchrte, wie es in der damaligen Zeit \u00fcblich war, <\/span><span class=\"xr_tl Normal_a\">auch Bestattungen durch. Sp\u00e4ter \u00fcbernahmen die Gebr\u00fcder Birekoven den Betrieb ihres Vaters. Am 1. Mai <\/span><span class=\"xr_tl Normal_a\">1996 \u00fcbernahm Wolfgang Birekoven die Schreinerei mit Bestattungszweig von seinem Onkel und f\u00fchrte <\/span><span class=\"xr_tl Normal_a\">das Familienunternehmen bis Mitte 2015 als Parallelunternehmen Schreinerei und Bestattungen weiter. <\/span><span class=\"xr_tl Normal_a\">Seit dem 1. August 2015 wird es nun als reines Bestattungshaus gef\u00fchrt. Auch die vierte Generation steht <\/span><span class=\"xr_tl Normal_a\">schon in den Startl\u00f6chern. Daniel Birekoven ist nach bestandener Pr\u00fcfung zur Bestattungsfachkraft im <\/span><span class=\"xr_tl Normal_a\">Jahr 2014 mit im elterlichen Betrieb t\u00e4tig. Seit Januar 2017 nun befindet sich das Bestattungshaus in den <\/span><span class=\"xr_tl Normal_a\"><span class=\"Normal_a\">neuen R\u00e4umlichkeiten auf der Schillingsstra\u00dfe 61a in D\u00fcren-G\u00fcrzenich. <\/span><\/span><\/p>\n","protected":false},"excerpt":{"rendered":"<p>Firmengeschichte: Das Familienunternehmen befindet sich bereits in der dritten Generation und war seit 1923 ihr Dienstleister im Bestattungswesen und Schreinerhandwerk in D\u00fcren. [&hellip;]<\/p>\n","protected":false},"author":6,"featured_media":0,"parent":0,"menu_order":2,"comment_status":"closed","ping_status":"closed","template":"","meta":{"ngg_post_thumbnail":0,"footnotes":""},"class_list":["post-8","page","type-page","status-publish","hentry"],"_links":{"self":[{"href":"https:\/\/www.birekoven.de\/index.php?rest_route=\/wp\/v2\/pages\/8","targetHints":{"allow":["GET"]}}],"collection":[{"href":"https:\/\/www.birekoven.de\/index.php?rest_route=\/wp\/v2\/pages"}],"about":[{"href":"https:\/\/www.birekoven.de\/index.php?rest_route=\/wp\/v2\/types\/page"}],"author":[{"embeddable":true,"href":"https:\/\/www.birekoven.de\/index.php?rest_route=\/wp\/v2\/users\/6"}],"replies":[{"embeddable":true,"href":"https:\/\/www.birekoven.de\/index.php?rest_route=%2Fwp%2Fv2%2Fcomments&post=8"}],"version-history":[{"count":6,"href":"https:\/\/www.birekoven.de\/index.php?rest_route=\/wp\/v2\/pages\/8\/revisions"}],"predecessor-version":[{"id":582,"href":"https:\/\/www.birekoven.de\/index.php?rest_route=\/wp\/v2\/pages\/8\/revisions\/582"}],"wp:attachment":[{"href":"https:\/\/www.birekoven.de\/index.php?rest_route=%2Fwp%2Fv2%2Fmedia&parent=8"}],"curies":[{"name":"wp","href":"https:\/\/api.w.org\/{rel}","templated":true}]}}